{"id":164,"date":"2025-03-13T06:49:29","date_gmt":"2025-03-13T06:49:29","guid":{"rendered":"https:\/\/www.feldenkrais-neumann.de\/?page_id=164"},"modified":"2025-03-20T07:32:25","modified_gmt":"2025-03-20T07:32:25","slug":"seminarzentrum-edernsee","status":"publish","type":"page","link":"https:\/\/www.feldenkrais-neumann.de\/index.php\/seminarzentrum-edernsee\/","title":{"rendered":"Seminarzentrum Edernsee"},"content":{"rendered":"\n<p><strong>Eine FELDENKRAIS Woche vom 05.07.- 11.07.2026 im Seminarzentrum F\u00fcnfseenblick Edernsee<\/strong><\/p>\n\n\n\n<ul class=\"wp-block-list\">\n<li>Am Anreisetag eine Feldenkrais-Lektion am Abend<\/li>\n\n\n\n<li>Meditation vor dem Fr\u00fchst\u00fcck<\/li>\n\n\n\n<li>Am Vormittag zwei Feldenkrais-Lektionen<\/li>\n\n\n\n<li>nach dem Mittagessen frei Zeit f\u00fcr Wanderungen<\/li>\n\n\n\n<li>Am Abreisetag eine Abschlusslektion<\/li>\n<\/ul>\n\n\n\n<p>Tuch, Kissen m\u00fcssen je nach Bedarf selbst mitgebracht werden<\/p>\n\n\n\n<ul class=\"wp-block-list\">\n<li><strong>Kursgeb\u00fchr 325,-\u20ac (keine verbindlliche Preisangabe, \u00c4nderungen m\u00f6glich!!!)<\/strong><\/li>\n<\/ul>\n\n\n\n<p>Die Kursgeb\u00fchr unter Angabe des Namens ist auf das unten aufgef\u00fchrte Konto zu \u00fcberweisen. Erst mit \u00dcberweisung der Kursgeb\u00fchr ist der<br>Platz sicher. Dieser Betrag muss bis 31.03.2026 \u00fcberwiesen werden.<\/p>\n\n\n\n<p>Das Hotel bietet Vollpension mit Bio-Vollwertkost auch aus eigenem biozertifizierten Garten.<\/p>\n\n\n\n<p>Die Kosten f\u00fcr das Hotel werden direkt vor Ort separat mit dem Hotel abgerechnet.<br>Die Zimmerbuchung erfolgt \u00fcber das Hotel. Ausstattung und Fotos bitte auf der Hotel Webseite<br>ansehen. Es ist nur eine Buchung mit VP m\u00f6glich.<\/p>\n\n\n\n<p><a href=\"http:\/\/www.seminarzentrum-fuenfseenblick.de\/seminargaeste\/zimmer\/\" target=\"_blank\" rel=\"noreferrer noopener\">http:\/\/www.seminarzentrum-fuenfseenblick.de\/seminargaeste\/zimmer\/<\/a><\/p>\n\n\n\n<p>Telefon 05623 94940<\/p>\n\n\n\n<p>Weitere Informationen \u00fcber uns:<br>Susanne Neumann www.feldenkrais-neumann.de<\/p>\n\n\n\n<hr class=\"wp-block-separator has-alpha-channel-opacity\"\/>\n\n\n\n<p><strong>AGB &#8211; Workshop<\/strong><\/p>\n\n\n\n<p>Die <strong>Anmeldungen<\/strong> f\u00fcr den Workshop werden in der Reihenfolge des Eingangs<br>ber\u00fccksichtigt. Die Anzahl der Pl\u00e4tze ist begrenzt.<\/p>\n\n\n\n<p><br><strong>Anmeldeschluss<\/strong> <strong>31.03.2026<\/strong>. Liegen bis dahin nicht ausreichend Anmeldungen vor, wird das Seminar abgesagt. Findet ein Seminar statt, ist auch nach dem Anmeldeschluss eine Anmeldung m\u00f6glich, solange Pl\u00e4tze frei sind.<\/p>\n\n\n\n<p>Es gibt eine Warte- bzw. Anmeldeliste.<\/p>\n\n\n\n<p>F\u00fcr vers\u00e4umte Unterrichtsstunden kann keine R\u00fcckerstattung erfolgen.<\/p>\n\n\n\n<p>Die Bezahlung erfolgt durch \u00dcberweisung auf das Konto von: <strong>Brigitte Holzer, Sparkasse Bielefeld IBAN DE 94 4805 0161 0043 649078<\/strong><\/p>\n\n\n\n<p>Wird das Seminar durch die Veranstalterinnen abgesagt, werden bereits erfolgte Zahlungen der Seminargeb\u00fchr zur\u00fcckerstattet.<\/p>\n\n\n\n<p>Bei einem <strong>R\u00fccktritt von der Anmeldung<\/strong> bis zum Anmeldeschluss fallen keine Kosten an. Bei einem R\u00fccktritt nach Anmeldeschluss wird die gesamte Seminargeb\u00fchr f\u00e4llig, es sei denn der Platz kann anderweitig vergeben werden. Das Gleiche gilt f\u00fcr das Hotelzimmer.<br>Es wird ein Betrag von 50,-\u20ac f\u00fcr entstehenden Aufwand berechnet.<\/p>\n\n\n\n<p>Die Bedingungen f\u00fcr die Stornierung der Unterbringung werden mit der Zimmerbuchungsbest\u00e4tigung vom Seminarzentrum ausgef\u00fchrt: Folgende Geb\u00fchren f\u00fcr die Abmeldung des Zimmers vor der Anreise gelten. Bei Abmeldung vor dem Check-in im Seminarzentrum werden pro Person berechnet:<\/p>\n\n\n\n<ul class=\"wp-block-list\">\n<li>bis 28 Tage vor Anreise 35,00 \u20ac<\/li>\n\n\n\n<li>bis 14 Tage vor Anreise 40,00 \u20ac<\/li>\n\n\n\n<li>bis 5 Tage vor Anreise 50,00 \u20ac<\/li>\n<\/ul>\n\n\n\n<p>Wir empfehlen eine Reiser\u00fccktrittsversicherung!<\/p>\n\n\n\n<p>Mit herzlichen Gr\u00fc\u00dfen Brigitte Holzer und Susanne Neumann<\/p>\n","protected":false},"excerpt":{"rendered":"<p>Eine FELDENKRAIS Woche vom 05.07.- 11.07.2026 im Seminarzentrum F\u00fcnfseenblick Edernsee Tuch, Kissen m\u00fcssen je nach Bedarf selbst mitgebracht werden Die Kursgeb\u00fchr unter Angabe des Namens ist auf das unten aufgef\u00fchrte Konto zu \u00fcberweisen. Erst mit \u00dcberweisung der Kursgeb\u00fchr ist derPlatz sicher. Dieser Betrag muss bis 31.03.2026 \u00fcberwiesen werden. Das Hotel bietet Vollpension mit Bio-Vollwertkost auch aus eigenem biozertifizierten Garten. Die Kosten f\u00fcr das Hotel werden direkt vor Ort separat mit dem Hotel abgerechnet.Die Zimmerbuchung erfolgt \u00fcber das Hotel. Ausstattung und Fotos bitte auf der Hotel Webseiteansehen. Es ist nur eine Buchung mit VP m\u00f6glich. http:\/\/www.seminarzentrum-fuenfseenblick.de\/seminargaeste\/zimmer\/ Telefon 05623 94940 Weitere Informationen \u00fcber uns:Susanne Neumann www.feldenkrais-neumann.de AGB &#8211; Workshop Die Anmeldungen f\u00fcr den Workshop werden in der Reihenfolge des Eingangsber\u00fccksichtigt. Die Anzahl der Pl\u00e4tze ist begrenzt. Anmeldeschluss 31.03.2026. Liegen bis dahin nicht ausreichend Anmeldungen vor, wird das Seminar abgesagt. Findet ein Seminar statt, ist auch nach dem Anmeldeschluss eine Anmeldung m\u00f6glich, solange Pl\u00e4tze frei sind. Es gibt eine Warte- bzw. Anmeldeliste. F\u00fcr vers\u00e4umte Unterrichtsstunden kann keine R\u00fcckerstattung erfolgen. Die Bezahlung erfolgt durch \u00dcberweisung auf das Konto von: Brigitte Holzer, Sparkasse Bielefeld IBAN DE 94 4805 0161 0043 649078 Wird das Seminar durch die Veranstalterinnen abgesagt, werden bereits erfolgte Zahlungen der Seminargeb\u00fchr zur\u00fcckerstattet. Bei einem R\u00fccktritt von der Anmeldung bis zum Anmeldeschluss fallen keine Kosten an. Bei einem R\u00fccktritt nach Anmeldeschluss wird die gesamte Seminargeb\u00fchr f\u00e4llig, es sei denn der Platz kann anderweitig vergeben werden. Das Gleiche gilt f\u00fcr das Hotelzimmer.Es wird ein Betrag von 50,-\u20ac f\u00fcr entstehenden Aufwand berechnet. Die Bedingungen f\u00fcr die Stornierung der Unterbringung werden mit der Zimmerbuchungsbest\u00e4tigung vom Seminarzentrum ausgef\u00fchrt: Folgende Geb\u00fchren f\u00fcr die Abmeldung des Zimmers vor der Anreise gelten. Bei Abmeldung vor dem Check-in im Seminarzentrum werden pro Person berechnet: Wir empfehlen eine Reiser\u00fccktrittsversicherung! Mit herzlichen Gr\u00fc\u00dfen Brigitte Holzer und Susanne Neumann<\/p>\n","protected":false},"author":1,"featured_media":0,"parent":0,"menu_order":0,"comment_status":"closed","ping_status":"closed","template":"","meta":{"footnotes":""},"class_list":["post-164","page","type-page","status-publish","hentry"],"acf":[],"_links":{"self":[{"href":"https:\/\/www.feldenkrais-neumann.de\/index.php\/wp-json\/wp\/v2\/pages\/164","targetHints":{"allow":["GET"]}}],"collection":[{"href":"https:\/\/www.feldenkrais-neumann.de\/index.php\/wp-json\/wp\/v2\/pages"}],"about":[{"href":"https:\/\/www.feldenkrais-neumann.de\/index.php\/wp-json\/wp\/v2\/types\/page"}],"author":[{"embeddable":true,"href":"https:\/\/www.feldenkrais-neumann.de\/index.php\/wp-json\/wp\/v2\/users\/1"}],"replies":[{"embeddable":true,"href":"https:\/\/www.feldenkrais-neumann.de\/index.php\/wp-json\/wp\/v2\/comments?post=164"}],"version-history":[{"count":1,"href":"https:\/\/www.feldenkrais-neumann.de\/index.php\/wp-json\/wp\/v2\/pages\/164\/revisions"}],"predecessor-version":[{"id":270,"href":"https:\/\/www.feldenkrais-neumann.de\/index.php\/wp-json\/wp\/v2\/pages\/164\/revisions\/270"}],"wp:attachment":[{"href":"https:\/\/www.feldenkrais-neumann.de\/index.php\/wp-json\/wp\/v2\/media?parent=164"}],"curies":[{"name":"wp","href":"https:\/\/api.w.org\/{rel}","templated":true}]}}